{"id":1238,"date":"2019-11-16T15:13:47","date_gmt":"2019-11-16T14:13:47","guid":{"rendered":"http:\/\/rytm-x.pl\/?page_id=1238"},"modified":"2020-02-24T23:03:06","modified_gmt":"2020-02-24T22:03:06","slug":"rozne","status":"publish","type":"page","link":"https:\/\/rytm-x.pl\/index.php\/rozne\/","title":{"rendered":"R\u00f3\u017cne"},"content":{"rendered":"\r\n<div class=\"wp-block-image\">\r\n<figure class=\"aligncenter size-large is-resized\"><a href=\"\/index.php\/rozne-zdjecia\/\"><img fetchpriority=\"high\" decoding=\"async\" class=\"wp-image-1316\" src=\"http:\/\/rytm-x.pl\/wp-content\/uploads\/2020\/02\/dscn0456.jpg\" alt=\"\" width=\"413\" height=\"310\" \/><\/a>\r\n<figcaption><strong>R\u00f3\u017cne zdj\u0119cia<\/strong><\/figcaption>\r\n<\/figure>\r\n<\/div>\r\n","protected":false},"excerpt":{"rendered":"","protected":false},"author":1,"featured_media":0,"parent":0,"menu_order":0,"comment_status":"closed","ping_status":"closed","template":"","meta":{"footnotes":""},"class_list":["post-1238","page","type-page","status-publish","hentry"],"aioseo_notices":[],"_links":{"self":[{"href":"https:\/\/rytm-x.pl\/index.php\/wp-json\/wp\/v2\/pages\/1238","targetHints":{"allow":["GET"]}}],"collection":[{"href":"https:\/\/rytm-x.pl\/index.php\/wp-json\/wp\/v2\/pages"}],"about":[{"href":"https:\/\/rytm-x.pl\/index.php\/wp-json\/wp\/v2\/types\/page"}],"author":[{"embeddable":true,"href":"https:\/\/rytm-x.pl\/index.php\/wp-json\/wp\/v2\/users\/1"}],"replies":[{"embeddable":true,"href":"https:\/\/rytm-x.pl\/index.php\/wp-json\/wp\/v2\/comments?post=1238"}],"version-history":[{"count":7,"href":"https:\/\/rytm-x.pl\/index.php\/wp-json\/wp\/v2\/pages\/1238\/revisions"}],"predecessor-version":[{"id":2136,"href":"https:\/\/rytm-x.pl\/index.php\/wp-json\/wp\/v2\/pages\/1238\/revisions\/2136"}],"wp:attachment":[{"href":"https:\/\/rytm-x.pl\/index.php\/wp-json\/wp\/v2\/media?parent=1238"}],"curies":[{"name":"wp","href":"https:\/\/api.w.org\/{rel}","templated":true}]}}