{"id":2114,"date":"2020-02-24T22:57:56","date_gmt":"2020-02-24T21:57:56","guid":{"rendered":"http:\/\/rytm-x.pl\/?page_id=2114"},"modified":"2020-02-24T23:02:02","modified_gmt":"2020-02-24T22:02:02","slug":"rozne-zdjecia","status":"publish","type":"page","link":"https:\/\/rytm-x.pl\/index.php\/rozne-zdjecia\/","title":{"rendered":"R\u00f3\u017cne zdj\u0119cia"},"content":{"rendered":"\n\t\t<style type=\"text\/css\">\n\t\t\t#gallery-1 {\n\t\t\t\tmargin: auto;\n\t\t\t}\n\t\t\t#gallery-1 .gallery-item {\n\t\t\t\tfloat: left;\n\t\t\t\tmargin-top: 10px;\n\t\t\t\ttext-align: center;\n\t\t\t\twidth: 33%;\n\t\t\t}\n\t\t\t#gallery-1 img {\n\t\t\t\tborder: 2px solid #cfcfcf;\n\t\t\t}\n\t\t\t#gallery-1 .gallery-caption {\n\t\t\t\tmargin-left: 0;\n\t\t\t}\n\t\t\t\/* see gallery_shortcode() in wp-includes\/media.php *\/\n\t\t<\/style>\n\t\t<div id='gallery-1' class='gallery galleryid-2114 gallery-columns-3 gallery-size-medium'><dl class='gallery-item'>\n\t\t\t<dt class='gallery-icon landscape'>\n\t\t\t\t<a href='https:\/\/rytm-x.pl\/wp-content\/uploads\/2020\/02\/0b6fa5589e-1.jpeg'><img fetchpriority=\"high\" decoding=\"async\" width=\"300\" height=\"242\" src=\"https:\/\/rytm-x.pl\/wp-content\/uploads\/2020\/02\/0b6fa5589e-1-300x242.jpeg\" class=\"attachment-medium size-medium\" alt=\"\" srcset=\"https:\/\/rytm-x.pl\/wp-content\/uploads\/2020\/02\/0b6fa5589e-1-300x242.jpeg 300w, https:\/\/rytm-x.pl\/wp-content\/uploads\/2020\/02\/0b6fa5589e-1.jpeg 600w\" sizes=\"(max-width: 300px) 100vw, 300px\" \/><\/a>\n\t\t\t<\/dt><\/dl><dl class='gallery-item'>\n\t\t\t<dt class='gallery-icon landscape'>\n\t\t\t\t<a href='https:\/\/rytm-x.pl\/wp-content\/uploads\/2020\/02\/1-1.gif'><img decoding=\"async\" width=\"300\" height=\"169\" src=\"https:\/\/rytm-x.pl\/wp-content\/uploads\/2020\/02\/1-1-300x169.gif\" class=\"attachment-medium size-medium\" alt=\"\" srcset=\"https:\/\/rytm-x.pl\/wp-content\/uploads\/2020\/02\/1-1-300x169.gif 300w, https:\/\/rytm-x.pl\/wp-content\/uploads\/2020\/02\/1-1-100x55.gif 100w, https:\/\/rytm-x.pl\/wp-content\/uploads\/2020\/02\/1-1-730x410.gif 730w\" sizes=\"(max-width: 300px) 100vw, 300px\" \/><\/a>\n\t\t\t<\/dt><\/dl><dl class='gallery-item'>\n\t\t\t<dt class='gallery-icon landscape'>\n\t\t\t\t<a href='https:\/\/rytm-x.pl\/wp-content\/uploads\/2020\/02\/1-5.jpg'><img decoding=\"async\" width=\"300\" height=\"169\" src=\"https:\/\/rytm-x.pl\/wp-content\/uploads\/2020\/02\/1-5-300x169.jpg\" class=\"attachment-medium size-medium\" alt=\"\" srcset=\"https:\/\/rytm-x.pl\/wp-content\/uploads\/2020\/02\/1-5-300x169.jpg 300w, https:\/\/rytm-x.pl\/wp-content\/uploads\/2020\/02\/1-5-768x432.jpg 768w, https:\/\/rytm-x.pl\/wp-content\/uploads\/2020\/02\/1-5-100x55.jpg 100w, https:\/\/rytm-x.pl\/wp-content\/uploads\/2020\/02\/1-5-730x410.jpg 730w, https:\/\/rytm-x.pl\/wp-content\/uploads\/2020\/02\/1-5.jpg 900w\" sizes=\"(max-width: 300px) 100vw, 300px\" \/><\/a>\n\t\t\t<\/dt><\/dl><br style=\"clear: both\" \/><dl class='gallery-item'>\n\t\t\t<dt class='gallery-icon landscape'>\n\t\t\t\t<a href='https:\/\/rytm-x.pl\/wp-content\/uploads\/2020\/02\/2-1.gif'><img loading=\"lazy\" decoding=\"async\" width=\"300\" height=\"241\" src=\"https:\/\/rytm-x.pl\/wp-content\/uploads\/2020\/02\/2-1-300x241.gif\" class=\"attachment-medium size-medium\" alt=\"\" \/><\/a>\n\t\t\t<\/dt><\/dl><dl class='gallery-item'>\n\t\t\t<dt class='gallery-icon landscape'>\n\t\t\t\t<a href='https:\/\/rytm-x.pl\/wp-content\/uploads\/2020\/02\/3-1.gif'><img loading=\"lazy\" decoding=\"async\" width=\"300\" height=\"237\" src=\"https:\/\/rytm-x.pl\/wp-content\/uploads\/2020\/02\/3-1-300x237.gif\" class=\"attachment-medium size-medium\" alt=\"\" \/><\/a>\n\t\t\t<\/dt><\/dl><dl class='gallery-item'>\n\t\t\t<dt class='gallery-icon landscape'>\n\t\t\t\t<a href='https:\/\/rytm-x.pl\/wp-content\/uploads\/2020\/02\/3_t2-1.gif'><img loading=\"lazy\" decoding=\"async\" width=\"300\" height=\"237\" src=\"https:\/\/rytm-x.pl\/wp-content\/uploads\/2020\/02\/3_t2-1-300x237.gif\" class=\"attachment-medium size-medium\" alt=\"\" \/><\/a>\n\t\t\t<\/dt><\/dl><br style=\"clear: both\" \/><dl class='gallery-item'>\n\t\t\t<dt class='gallery-icon landscape'>\n\t\t\t\t<a href='https:\/\/rytm-x.pl\/wp-content\/uploads\/2020\/02\/9-5.jpg'><img loading=\"lazy\" decoding=\"async\" width=\"300\" height=\"225\" src=\"https:\/\/rytm-x.pl\/wp-content\/uploads\/2020\/02\/9-5-300x225.jpg\" class=\"attachment-medium size-medium\" alt=\"\" srcset=\"https:\/\/rytm-x.pl\/wp-content\/uploads\/2020\/02\/9-5-300x225.jpg 300w, https:\/\/rytm-x.pl\/wp-content\/uploads\/2020\/02\/9-5-768x576.jpg 768w, https:\/\/rytm-x.pl\/wp-content\/uploads\/2020\/02\/9-5.jpg 900w\" sizes=\"(max-width: 300px) 100vw, 300px\" \/><\/a>\n\t\t\t<\/dt><\/dl><dl class='gallery-item'>\n\t\t\t<dt class='gallery-icon landscape'>\n\t\t\t\t<a href='https:\/\/rytm-x.pl\/wp-content\/uploads\/2020\/02\/40669e0b9f-1.jpeg'><img loading=\"lazy\" decoding=\"async\" width=\"300\" height=\"225\" src=\"https:\/\/rytm-x.pl\/wp-content\/uploads\/2020\/02\/40669e0b9f-1-300x225.jpeg\" class=\"attachment-medium size-medium\" alt=\"\" srcset=\"https:\/\/rytm-x.pl\/wp-content\/uploads\/2020\/02\/40669e0b9f-1-300x225.jpeg 300w, https:\/\/rytm-x.pl\/wp-content\/uploads\/2020\/02\/40669e0b9f-1.jpeg 600w\" sizes=\"(max-width: 300px) 100vw, 300px\" \/><\/a>\n\t\t\t<\/dt><\/dl><dl class='gallery-item'>\n\t\t\t<dt class='gallery-icon landscape'>\n\t\t\t\t<a href='https:\/\/rytm-x.pl\/wp-content\/uploads\/2020\/02\/39441940-1.jpg'><img loading=\"lazy\" decoding=\"async\" width=\"300\" height=\"225\" src=\"https:\/\/rytm-x.pl\/wp-content\/uploads\/2020\/02\/39441940-1-300x225.jpg\" class=\"attachment-medium size-medium\" alt=\"\" srcset=\"https:\/\/rytm-x.pl\/wp-content\/uploads\/2020\/02\/39441940-1-300x225.jpg 300w, https:\/\/rytm-x.pl\/wp-content\/uploads\/2020\/02\/39441940-1.jpg 640w\" sizes=\"(max-width: 300px) 100vw, 300px\" \/><\/a>\n\t\t\t<\/dt><\/dl><br style=\"clear: both\" \/><dl class='gallery-item'>\n\t\t\t<dt class='gallery-icon landscape'>\n\t\t\t\t<a href='https:\/\/rytm-x.pl\/wp-content\/uploads\/2020\/02\/dscn0456-1.jpg'><img loading=\"lazy\" decoding=\"async\" width=\"300\" height=\"225\" src=\"https:\/\/rytm-x.pl\/wp-content\/uploads\/2020\/02\/dscn0456-1-300x225.jpg\" class=\"attachment-medium size-medium\" alt=\"\" srcset=\"https:\/\/rytm-x.pl\/wp-content\/uploads\/2020\/02\/dscn0456-1-300x225.jpg 300w, https:\/\/rytm-x.pl\/wp-content\/uploads\/2020\/02\/dscn0456-1-768x576.jpg 768w, https:\/\/rytm-x.pl\/wp-content\/uploads\/2020\/02\/dscn0456-1.jpg 900w\" sizes=\"(max-width: 300px) 100vw, 300px\" \/><\/a>\n\t\t\t<\/dt><\/dl><dl class='gallery-item'>\n\t\t\t<dt class='gallery-icon landscape'>\n\t\t\t\t<a href='https:\/\/rytm-x.pl\/wp-content\/uploads\/2020\/02\/dscn0468-1.jpg'><img loading=\"lazy\" decoding=\"async\" width=\"300\" height=\"225\" src=\"https:\/\/rytm-x.pl\/wp-content\/uploads\/2020\/02\/dscn0468-1-300x225.jpg\" class=\"attachment-medium size-medium\" alt=\"\" srcset=\"https:\/\/rytm-x.pl\/wp-content\/uploads\/2020\/02\/dscn0468-1-300x225.jpg 300w, https:\/\/rytm-x.pl\/wp-content\/uploads\/2020\/02\/dscn0468-1-768x576.jpg 768w, https:\/\/rytm-x.pl\/wp-content\/uploads\/2020\/02\/dscn0468-1.jpg 900w\" sizes=\"(max-width: 300px) 100vw, 300px\" \/><\/a>\n\t\t\t<\/dt><\/dl><dl class='gallery-item'>\n\t\t\t<dt class='gallery-icon landscape'>\n\t\t\t\t<a href='https:\/\/rytm-x.pl\/wp-content\/uploads\/2020\/02\/dscn0481-1.jpg'><img loading=\"lazy\" decoding=\"async\" width=\"300\" height=\"225\" src=\"https:\/\/rytm-x.pl\/wp-content\/uploads\/2020\/02\/dscn0481-1-300x225.jpg\" class=\"attachment-medium size-medium\" alt=\"\" srcset=\"https:\/\/rytm-x.pl\/wp-content\/uploads\/2020\/02\/dscn0481-1-300x225.jpg 300w, https:\/\/rytm-x.pl\/wp-content\/uploads\/2020\/02\/dscn0481-1-768x576.jpg 768w, https:\/\/rytm-x.pl\/wp-content\/uploads\/2020\/02\/dscn0481-1.jpg 900w\" sizes=\"(max-width: 300px) 100vw, 300px\" \/><\/a>\n\t\t\t<\/dt><\/dl><br style=\"clear: both\" \/><dl class='gallery-item'>\n\t\t\t<dt class='gallery-icon landscape'>\n\t\t\t\t<a href='https:\/\/rytm-x.pl\/wp-content\/uploads\/2020\/02\/obraz_257-1.jpg'><img loading=\"lazy\" decoding=\"async\" width=\"300\" height=\"225\" src=\"https:\/\/rytm-x.pl\/wp-content\/uploads\/2020\/02\/obraz_257-1-300x225.jpg\" class=\"attachment-medium size-medium\" alt=\"\" srcset=\"https:\/\/rytm-x.pl\/wp-content\/uploads\/2020\/02\/obraz_257-1-300x225.jpg 300w, https:\/\/rytm-x.pl\/wp-content\/uploads\/2020\/02\/obraz_257-1-768x576.jpg 768w, https:\/\/rytm-x.pl\/wp-content\/uploads\/2020\/02\/obraz_257-1.jpg 850w\" sizes=\"(max-width: 300px) 100vw, 300px\" \/><\/a>\n\t\t\t<\/dt><\/dl><dl class='gallery-item'>\n\t\t\t<dt class='gallery-icon landscape'>\n\t\t\t\t<a href='https:\/\/rytm-x.pl\/wp-content\/uploads\/2020\/02\/obraz_261-1.jpg'><img loading=\"lazy\" decoding=\"async\" width=\"300\" height=\"225\" src=\"https:\/\/rytm-x.pl\/wp-content\/uploads\/2020\/02\/obraz_261-1-300x225.jpg\" class=\"attachment-medium size-medium\" alt=\"\" srcset=\"https:\/\/rytm-x.pl\/wp-content\/uploads\/2020\/02\/obraz_261-1-300x225.jpg 300w, https:\/\/rytm-x.pl\/wp-content\/uploads\/2020\/02\/obraz_261-1-768x576.jpg 768w, https:\/\/rytm-x.pl\/wp-content\/uploads\/2020\/02\/obraz_261-1.jpg 850w\" sizes=\"(max-width: 300px) 100vw, 300px\" \/><\/a>\n\t\t\t<\/dt><\/dl><dl class='gallery-item'>\n\t\t\t<dt class='gallery-icon landscape'>\n\t\t\t\t<a href='https:\/\/rytm-x.pl\/wp-content\/uploads\/2020\/02\/obraz_268-1.jpg'><img loading=\"lazy\" decoding=\"async\" width=\"300\" height=\"225\" src=\"https:\/\/rytm-x.pl\/wp-content\/uploads\/2020\/02\/obraz_268-1-300x225.jpg\" class=\"attachment-medium size-medium\" alt=\"\" srcset=\"https:\/\/rytm-x.pl\/wp-content\/uploads\/2020\/02\/obraz_268-1-300x225.jpg 300w, https:\/\/rytm-x.pl\/wp-content\/uploads\/2020\/02\/obraz_268-1-768x576.jpg 768w, https:\/\/rytm-x.pl\/wp-content\/uploads\/2020\/02\/obraz_268-1.jpg 850w\" sizes=\"(max-width: 300px) 100vw, 300px\" \/><\/a>\n\t\t\t<\/dt><\/dl><br style=\"clear: both\" \/><dl class='gallery-item'>\n\t\t\t<dt class='gallery-icon landscape'>\n\t\t\t\t<a href='https:\/\/rytm-x.pl\/wp-content\/uploads\/2020\/02\/obraz_270-1.jpg'><img loading=\"lazy\" decoding=\"async\" width=\"300\" height=\"225\" src=\"https:\/\/rytm-x.pl\/wp-content\/uploads\/2020\/02\/obraz_270-1-300x225.jpg\" class=\"attachment-medium size-medium\" alt=\"\" srcset=\"https:\/\/rytm-x.pl\/wp-content\/uploads\/2020\/02\/obraz_270-1-300x225.jpg 300w, https:\/\/rytm-x.pl\/wp-content\/uploads\/2020\/02\/obraz_270-1-768x576.jpg 768w, https:\/\/rytm-x.pl\/wp-content\/uploads\/2020\/02\/obraz_270-1.jpg 850w\" sizes=\"(max-width: 300px) 100vw, 300px\" \/><\/a>\n\t\t\t<\/dt><\/dl><dl class='gallery-item'>\n\t\t\t<dt class='gallery-icon landscape'>\n\t\t\t\t<a href='https:\/\/rytm-x.pl\/wp-content\/uploads\/2020\/02\/obraz_271-1.jpg'><img loading=\"lazy\" decoding=\"async\" width=\"300\" height=\"225\" src=\"https:\/\/rytm-x.pl\/wp-content\/uploads\/2020\/02\/obraz_271-1-300x225.jpg\" class=\"attachment-medium size-medium\" alt=\"\" srcset=\"https:\/\/rytm-x.pl\/wp-content\/uploads\/2020\/02\/obraz_271-1-300x225.jpg 300w, https:\/\/rytm-x.pl\/wp-content\/uploads\/2020\/02\/obraz_271-1-768x576.jpg 768w, https:\/\/rytm-x.pl\/wp-content\/uploads\/2020\/02\/obraz_271-1.jpg 850w\" sizes=\"(max-width: 300px) 100vw, 300px\" \/><\/a>\n\t\t\t<\/dt><\/dl><dl class='gallery-item'>\n\t\t\t<dt class='gallery-icon landscape'>\n\t\t\t\t<a href='https:\/\/rytm-x.pl\/wp-content\/uploads\/2020\/02\/sdc19351-1.jpg'><img loading=\"lazy\" decoding=\"async\" width=\"300\" height=\"225\" src=\"https:\/\/rytm-x.pl\/wp-content\/uploads\/2020\/02\/sdc19351-1-300x225.jpg\" class=\"attachment-medium size-medium\" alt=\"\" srcset=\"https:\/\/rytm-x.pl\/wp-content\/uploads\/2020\/02\/sdc19351-1-300x225.jpg 300w, https:\/\/rytm-x.pl\/wp-content\/uploads\/2020\/02\/sdc19351-1.jpg 700w\" sizes=\"(max-width: 300px) 100vw, 300px\" \/><\/a>\n\t\t\t<\/dt><\/dl><br style=\"clear: both\" \/>\n\t\t<\/div>\n\n","protected":false},"excerpt":{"rendered":"","protected":false},"author":1,"featured_media":0,"parent":0,"menu_order":0,"comment_status":"closed","ping_status":"closed","template":"","meta":{"footnotes":""},"class_list":["post-2114","page","type-page","status-publish","hentry"],"aioseo_notices":[],"_links":{"self":[{"href":"https:\/\/rytm-x.pl\/index.php\/wp-json\/wp\/v2\/pages\/2114","targetHints":{"allow":["GET"]}}],"collection":[{"href":"https:\/\/rytm-x.pl\/index.php\/wp-json\/wp\/v2\/pages"}],"about":[{"href":"https:\/\/rytm-x.pl\/index.php\/wp-json\/wp\/v2\/types\/page"}],"author":[{"embeddable":true,"href":"https:\/\/rytm-x.pl\/index.php\/wp-json\/wp\/v2\/users\/1"}],"replies":[{"embeddable":true,"href":"https:\/\/rytm-x.pl\/index.php\/wp-json\/wp\/v2\/comments?post=2114"}],"version-history":[{"count":2,"href":"https:\/\/rytm-x.pl\/index.php\/wp-json\/wp\/v2\/pages\/2114\/revisions"}],"predecessor-version":[{"id":2134,"href":"https:\/\/rytm-x.pl\/index.php\/wp-json\/wp\/v2\/pages\/2114\/revisions\/2134"}],"wp:attachment":[{"href":"https:\/\/rytm-x.pl\/index.php\/wp-json\/wp\/v2\/media?parent=2114"}],"curies":[{"name":"wp","href":"https:\/\/api.w.org\/{rel}","templated":true}]}}