{"id":2248,"date":"2020-08-23T16:37:41","date_gmt":"2020-08-23T14:37:41","guid":{"rendered":"http:\/\/rytm-x.pl\/?page_id=2248"},"modified":"2020-08-23T16:58:57","modified_gmt":"2020-08-23T14:58:57","slug":"cheerleading","status":"publish","type":"page","link":"https:\/\/rytm-x.pl\/index.php\/cheerleading\/","title":{"rendered":"Cheerleading"},"content":{"rendered":"\t\t<div data-elementor-type=\"wp-page\" data-elementor-id=\"2248\" class=\"elementor elementor-2248\">\n\t\t\t\t\t\t<section class=\"elementor-section elementor-top-section elementor-element elementor-element-64260c4 elementor-section-boxed elementor-section-height-default elementor-section-height-default\" data-id=\"64260c4\" data-element_type=\"section\">\n\t\t\t\t\t\t<div class=\"elementor-container elementor-column-gap-default\">\n\t\t\t\t\t<div class=\"elementor-column elementor-col-100 elementor-top-column elementor-element elementor-element-56a8c44\" data-id=\"56a8c44\" data-element_type=\"column\">\n\t\t\t<div class=\"elementor-widget-wrap elementor-element-populated\">\n\t\t\t\t\t\t<div class=\"elementor-element elementor-element-1d54ba0 elementor-widget elementor-widget-text-editor\" data-id=\"1d54ba0\" data-element_type=\"widget\" data-widget_type=\"text-editor.default\">\n\t\t\t\t<div class=\"elementor-widget-container\">\n\t\t\t\t\t\t\t\t\t<p>Czy wiesz, \u017ce Mi\u0119dzynarodowy Komitet Olimpijski pod koniec 2016 roku uzna\u0142 cheerleading jako sport olimpijski?<\/p>\n<p>Do niedawna cheerleading w Polsce by\u0142 dyscyplin\u0105 rozrywkowo-taneczna. Coraz cz\u0119\u015bciej jednak m\u0142ode dziewczyny zapisuj\u0105 si\u0119 na zaj\u0119cia z cheerleadingu by trenowa\u0107 zaawansowane choreografie \u0142\u0105cz\u0105ce w sobie r\u00f3\u017cne style ta\u0144ca oraz akrobatyk\u0119. Ju\u017c w 2024 roku cheerleading zobaczymy na igrzyskach olimpijskich. <br><\/p>\n<p>Cheerleading zaczyna si\u0119 od ta\u0144ca. Wszystkie grupy cheerleaderek w Polsce zaczyna\u0142y od ta\u0144ca. Wielu instruktor\u00f3w zacz\u0119\u0142o szkoli\u0107 si\u0119 w tej dyscyplinie czerpi\u0105c inspiracj\u0119 od ameryka\u0144skich cheerleaderek. Opracowano regulamin zawod\u00f3w, zasady uczestnictwa, cykl i zakres szkole\u0144 zar\u00f3wno trener\u00f3w oraz tancerek.<\/p>\n<p>W 2005 roku Europejska Federacja Cheerleadingu przyj\u0119\u0142a w swoje szeregi Polsk\u0119. Dzi\u0119ki temu polskie zespo\u0142y maj\u0105 mo\u017cliwo\u015b\u0107 brania udzia\u0142u w Mistrzostwach Europy.<br><br>Je\u015bli chcesz przekona\u0107 si\u0119 na czym polega cheerleading, nie czekaj!<br>Zapisz si\u0119 ju\u017c dzi\u015b do Cheerleaders Rytm-x Toru\u0144!<br><\/p>\n<p><\/p>\t\t\t\t\t\t\t\t<\/div>\n\t\t\t\t<\/div>\n\t\t\t\t\t<\/div>\n\t\t<\/div>\n\t\t\t\t\t<\/div>\n\t\t<\/section>\n\t\t\t\t<\/div>\n\t\t","protected":false},"excerpt":{"rendered":"<p>Czy wiesz, \u017ce Mi\u0119dzynarodowy Komitet Olimpijski pod koniec 2016 roku uzna\u0142 cheerleading jako sport olimpijski? Do niedawna cheerleading w Polsce by\u0142 dyscyplin\u0105 rozrywkowo-taneczna. Coraz cz\u0119\u015bciej jednak m\u0142ode dziewczyny zapisuj\u0105 si\u0119 na zaj\u0119cia z cheerleadingu by trenowa\u0107 zaawansowane choreografie \u0142\u0105cz\u0105ce w sobie r\u00f3\u017cne style ta\u0144ca oraz akrobatyk\u0119. Ju\u017c w 2024 roku cheerleading zobaczymy na igrzyskach olimpijskich. <a class=\"more-link\" href=\"https:\/\/rytm-x.pl\/index.php\/cheerleading\/\">Continue reading <i class=\"fa fa-chevron-right\"><\/i><\/a><\/p>\n","protected":false},"author":2,"featured_media":0,"parent":0,"menu_order":0,"comment_status":"closed","ping_status":"closed","template":"","meta":{"footnotes":""},"class_list":["post-2248","page","type-page","status-publish","hentry"],"aioseo_notices":[],"_links":{"self":[{"href":"https:\/\/rytm-x.pl\/index.php\/wp-json\/wp\/v2\/pages\/2248","targetHints":{"allow":["GET"]}}],"collection":[{"href":"https:\/\/rytm-x.pl\/index.php\/wp-json\/wp\/v2\/pages"}],"about":[{"href":"https:\/\/rytm-x.pl\/index.php\/wp-json\/wp\/v2\/types\/page"}],"author":[{"embeddable":true,"href":"https:\/\/rytm-x.pl\/index.php\/wp-json\/wp\/v2\/users\/2"}],"replies":[{"embeddable":true,"href":"https:\/\/rytm-x.pl\/index.php\/wp-json\/wp\/v2\/comments?post=2248"}],"version-history":[{"count":5,"href":"https:\/\/rytm-x.pl\/index.php\/wp-json\/wp\/v2\/pages\/2248\/revisions"}],"predecessor-version":[{"id":2272,"href":"https:\/\/rytm-x.pl\/index.php\/wp-json\/wp\/v2\/pages\/2248\/revisions\/2272"}],"wp:attachment":[{"href":"https:\/\/rytm-x.pl\/index.php\/wp-json\/wp\/v2\/media?parent=2248"}],"curies":[{"name":"wp","href":"https:\/\/api.w.org\/{rel}","templated":true}]}}