{"id":2293,"date":"2020-08-30T10:17:21","date_gmt":"2020-08-30T08:17:21","guid":{"rendered":"http:\/\/rytm-x.pl\/?page_id=2293"},"modified":"2020-08-30T10:28:30","modified_gmt":"2020-08-30T08:28:30","slug":"regulamin-konkursu-30-08-2020","status":"publish","type":"page","link":"https:\/\/rytm-x.pl\/index.php\/regulamin-konkursu-30-08-2020\/","title":{"rendered":"Regulamin konkursu 30.08.2020"},"content":{"rendered":"\t\t<div data-elementor-type=\"wp-page\" data-elementor-id=\"2293\" class=\"elementor elementor-2293\">\n\t\t\t\t\t\t<section class=\"elementor-section elementor-top-section elementor-element elementor-element-423698a elementor-section-boxed elementor-section-height-default elementor-section-height-default\" data-id=\"423698a\" data-element_type=\"section\">\n\t\t\t\t\t\t<div class=\"elementor-container elementor-column-gap-default\">\n\t\t\t\t\t<div class=\"elementor-column elementor-col-100 elementor-top-column elementor-element elementor-element-aa64ad2\" data-id=\"aa64ad2\" data-element_type=\"column\">\n\t\t\t<div class=\"elementor-widget-wrap elementor-element-populated\">\n\t\t\t\t\t\t<div class=\"elementor-element elementor-element-9b0ba7e elementor-widget elementor-widget-text-editor\" data-id=\"9b0ba7e\" data-element_type=\"widget\" data-widget_type=\"text-editor.default\">\n\t\t\t\t<div class=\"elementor-widget-container\">\n\t\t\t\t\t\t\t\t\t<p><strong>&nbsp;<\/strong><strong>Regulamin konkursu z dnia 30.08.2020 r.<\/strong>\n<\/p>\n<ol>\n<li><strong>Organizatorem i fundatorem nagr\u00f3d jest<\/strong> Studio Ta\u0144ca WIR Barbara \u017bero, <br>ul. Dziewulskiego 12, 87-100 Toru\u0144, NIP 879-178-46-62<\/li>\n<li><strong>Konkurs rozpoczyna si\u0119 30 sierpnia 2020 roku o godz. 10:30 a ko\u0144czy si\u0119 6 wrze\u015bnia 2020 roku o godz. 23:59. <\/strong>Wyniki zostan\u0105 og\u0142oszone dnia 7 wrze\u015bnia 2020 do godz. 23:59 na profilu Cheerleaders Rytm-X Toru\u0144 na portalu Facebook.<\/li>\n<li><strong>Kto mo\u017ce wzi\u0105\u0107 udzia\u0142 w konkursie<\/strong> \u2013 W konkursie mog\u0105 wzi\u0105\u0107 udzia\u0142 osoby niepe\u0142noletnie za zgod\u0105 rodzica lub opiekuna prawnego oraz osoby pe\u0142noletnie.<\/li>\n<li><strong>Wymagania techniczne<\/strong> \u2013 posiadanie konta na Facebook\u2019u.<\/li>\n<li><strong>Zasady konkursu<\/strong> \u2013 Aby wzi\u0105\u0107 udzia\u0142 w konkursie nale\u017cy w komentarzu pod postem informuj\u0105cym o konkursie na portalu facebook.pl doko\u0144czy\u0107 zdanie \u201eLubi\u0119 ta\u0144czy\u0107 bo\u2026\u201d. Na zwyci\u0119ski komentarz inni u\u017cytkownicy b\u0119d\u0105 mogli g\u0142osowa\u0107 za pomoc\u0105 polubie\u0144 komentarza. Autor komentarza z najwi\u0119ksz\u0105 ilo\u015bci\u0105 polubie\u0144 wygrywa nagrod\u0119.<\/li>\n<li><strong>Nagrody&nbsp;<\/strong>\u2013 Do wygrania 5 plecak\u00f3w bawe\u0142nianych z nadrukiem \u201eCheerleaders\u201d. Jedna osoba mo\u017ce wygra\u0107 jeden plecak. W konkursie wy\u0142onionych mo\u017ce by\u0107 5 zwyci\u0119zc\u00f3w. Nagrod\u0119 mo\u017cna b\u0119dzie odebra\u0107 na jednym z trening\u00f3w Cheerleaders Rytm-x Toru\u0144, data i termin odbioru b\u0119dzie do uzgodnienia z organizatorem, kt\u00f3ry b\u0119dzie dost\u0119pny pod numerem telefonu 508-741-852. Nagrody nie mo\u017cna wymieni\u0107 na r\u00f3wnowarto\u015b\u0107 pieni\u0119\u017cn\u0105 oraz przekaza\u0107 nagrody osobom trzecim.<\/li>\n<li><strong>Reklamacje<\/strong> \u2013 ewentualne uwagi dotycz\u0105ce konkursu prosimy kierowa\u0107 na maila: eveen0904@gmail.com<\/li>\n<li><strong>Pozosta\u0142e informacje<\/strong> \u2013 <em>Facebook.com nie ponosi \u017cadnej odpowiedzialno\u015bci za jakiekolwiek dzia\u0142ania zwi\u0105zane z organizacj\u0105 konkursu na \u0142amach serwisu.<\/em><\/li>\n<\/ol>\t\t\t\t\t\t\t\t<\/div>\n\t\t\t\t<\/div>\n\t\t\t\t\t<\/div>\n\t\t<\/div>\n\t\t\t\t\t<\/div>\n\t\t<\/section>\n\t\t\t\t<\/div>\n\t\t","protected":false},"excerpt":{"rendered":"<p>&nbsp;Regulamin konkursu z dnia 30.08.2020 r. Organizatorem i fundatorem nagr\u00f3d jest Studio Ta\u0144ca WIR Barbara \u017bero, ul. Dziewulskiego 12, 87-100 Toru\u0144, NIP 879-178-46-62 Konkurs rozpoczyna si\u0119 30 sierpnia 2020 roku o godz. 10:30 a ko\u0144czy si\u0119 6 wrze\u015bnia 2020 roku o godz. 23:59. Wyniki zostan\u0105 og\u0142oszone dnia 7 wrze\u015bnia 2020 do godz. 23:59 na profilu <a class=\"more-link\" href=\"https:\/\/rytm-x.pl\/index.php\/regulamin-konkursu-30-08-2020\/\">Continue reading <i class=\"fa fa-chevron-right\"><\/i><\/a><\/p>\n","protected":false},"author":2,"featured_media":0,"parent":0,"menu_order":0,"comment_status":"closed","ping_status":"closed","template":"","meta":{"footnotes":""},"class_list":["post-2293","page","type-page","status-publish","hentry"],"aioseo_notices":[],"_links":{"self":[{"href":"https:\/\/rytm-x.pl\/index.php\/wp-json\/wp\/v2\/pages\/2293","targetHints":{"allow":["GET"]}}],"collection":[{"href":"https:\/\/rytm-x.pl\/index.php\/wp-json\/wp\/v2\/pages"}],"about":[{"href":"https:\/\/rytm-x.pl\/index.php\/wp-json\/wp\/v2\/types\/page"}],"author":[{"embeddable":true,"href":"https:\/\/rytm-x.pl\/index.php\/wp-json\/wp\/v2\/users\/2"}],"replies":[{"embeddable":true,"href":"https:\/\/rytm-x.pl\/index.php\/wp-json\/wp\/v2\/comments?post=2293"}],"version-history":[{"count":5,"href":"https:\/\/rytm-x.pl\/index.php\/wp-json\/wp\/v2\/pages\/2293\/revisions"}],"predecessor-version":[{"id":2299,"href":"https:\/\/rytm-x.pl\/index.php\/wp-json\/wp\/v2\/pages\/2293\/revisions\/2299"}],"wp:attachment":[{"href":"https:\/\/rytm-x.pl\/index.php\/wp-json\/wp\/v2\/media?parent=2293"}],"curies":[{"name":"wp","href":"https:\/\/api.w.org\/{rel}","templated":true}]}}