{"id":2364,"date":"2022-07-26T23:01:51","date_gmt":"2022-07-26T21:01:51","guid":{"rendered":"https:\/\/rytm-x.pl\/?page_id=2364"},"modified":"2025-11-04T12:14:14","modified_gmt":"2025-11-04T11:14:14","slug":"strona-glowna","status":"publish","type":"page","link":"https:\/\/rytm-x.pl\/","title":{"rendered":"Strona g\u0142\u00f3wna"},"content":{"rendered":"\t\t<div data-elementor-type=\"wp-page\" data-elementor-id=\"2364\" class=\"elementor elementor-2364\">\n\t\t\t\t\t\t<section class=\"elementor-section elementor-top-section elementor-element elementor-element-c9cd0de elementor-section-boxed elementor-section-height-default elementor-section-height-default\" data-id=\"c9cd0de\" data-element_type=\"section\">\n\t\t\t\t\t\t<div class=\"elementor-container elementor-column-gap-default\">\n\t\t\t\t\t<div class=\"elementor-column elementor-col-100 elementor-top-column elementor-element elementor-element-5607163\" data-id=\"5607163\" data-element_type=\"column\">\n\t\t\t<div class=\"elementor-widget-wrap elementor-element-populated\">\n\t\t\t\t\t\t<div class=\"elementor-element elementor-element-f183da5 elementor-widget elementor-widget-heading\" data-id=\"f183da5\" data-element_type=\"widget\" data-widget_type=\"heading.default\">\n\t\t\t\t<div class=\"elementor-widget-container\">\n\t\t\t\t\t<h1 class=\"elementor-heading-title elementor-size-xl\">Cheerleading sportowy w Toruniu dla dzieci i m\u0142odzie\u017cy!<\/h1>\t\t\t\t<\/div>\n\t\t\t\t<\/div>\n\t\t\t\t<div class=\"elementor-element elementor-element-8dcd562 elementor-widget elementor-widget-text-editor\" data-id=\"8dcd562\" data-element_type=\"widget\" data-widget_type=\"text-editor.default\">\n\t\t\t\t<div class=\"elementor-widget-container\">\n\t\t\t\t\t\t\t\t\t<p>Je\u017celi lubisz taniec, akrobatyk\u0119 oraz wyst\u0119py to znajdziesz to w Cheerlaeders Rytm-x w Toruniu.<\/p><p><strong>Zesp\u00f3\u0142 powsta\u0142 w 1979 roku i nieprzerwanie istnieje, trenuje i si\u0119 rozwija.<\/strong> Po wielu sukcesach o randze og\u00f3lnopolskiej w stylach takich jak taniec nowoczesny, disco dance, show dance zesp\u00f3\u0142 postanowi\u0142 i\u015b\u0107 naprz\u00f3d, a zafascynowani akrobatyk\u0105 zmienili\u015bmy nasz g\u0142\u00f3wny styl na CHEERLEADING.<\/p><p>Przez 6 sezon\u00f3w zesp\u00f3\u0142 Rytm-x wspiera\u0142 toru\u0144sk\u0105 dru\u017cyn\u0119 koszykarek Energa Toru\u0144 jako cheerleaderki w Basket Lidze Kobiet. Obecnie dziewczyny regularnie bior\u0105 udzia\u0142 w og\u00f3lnopolskich turniejach cheerleadingu. Na bogat\u0105 histori\u0119 zespo\u0142u sk\u0142adaj\u0105 si\u0119 r\u00f3wnie\u017c liczne wyst\u0119py zagraniczne. Rytm-x mia\u0142 okazj\u0119 zaprezentowa\u0107 swoje choreografie w pa\u0144stwach takich jak: Niemcy, Belgia, Hiszpania, W\u0142ochy, S\u0142owacja, Litwa, \u0141otwa, Bu\u0142garia, Chorwacja, Turcja oraz Chiny.<\/p><p>Zapraszamy wszystkich zainteresowanych profesjonaln\u0105 nauk\u0105 ta\u0144ca!<\/p>\t\t\t\t\t\t\t\t<\/div>\n\t\t\t\t<\/div>\n\t\t\t\t\t<\/div>\n\t\t<\/div>\n\t\t\t\t\t<\/div>\n\t\t<\/section>\n\t\t\t\t<section class=\"elementor-section elementor-top-section elementor-element elementor-element-bcbe7b2 elementor-section-boxed elementor-section-height-default elementor-section-height-default\" data-id=\"bcbe7b2\" data-element_type=\"section\">\n\t\t\t\t\t\t<div class=\"elementor-container elementor-column-gap-default\">\n\t\t\t\t\t<div class=\"elementor-column elementor-col-100 elementor-top-column elementor-element elementor-element-23bfbfe\" data-id=\"23bfbfe\" data-element_type=\"column\">\n\t\t\t<div class=\"elementor-widget-wrap elementor-element-populated\">\n\t\t\t\t\t\t\t<\/div>\n\t\t<\/div>\n\t\t\t\t\t<\/div>\n\t\t<\/section>\n\t\t\t\t<section class=\"elementor-section elementor-top-section elementor-element elementor-element-bb97e61 elementor-section-boxed elementor-section-height-default elementor-section-height-default\" data-id=\"bb97e61\" data-element_type=\"section\">\n\t\t\t\t\t\t<div class=\"elementor-container elementor-column-gap-default\">\n\t\t\t\t\t<div class=\"elementor-column elementor-col-100 elementor-top-column elementor-element elementor-element-0438d8b\" data-id=\"0438d8b\" data-element_type=\"column\">\n\t\t\t<div class=\"elementor-widget-wrap elementor-element-populated\">\n\t\t\t\t\t\t<div class=\"elementor-element elementor-element-62c9154 elementor-widget elementor-widget-text-editor\" data-id=\"62c9154\" data-element_type=\"widget\" data-widget_type=\"text-editor.default\">\n\t\t\t\t<div class=\"elementor-widget-container\">\n\t\t\t\t\t\t\t\t\t<h2>Cheerleading<\/h2><p>Nasze studio ta\u0144ca w Toruniu Rytm-x organizuje <strong>zaj\u0119cia z cheerleadingu prowadzone przez profesjonalist\u00f3w<\/strong>. Tutaj mo\u017cesz trenowa\u0107\u00a0zaawansowane choreografie, kt\u00f3re s\u0105 po\u0142\u0105czeniem\u00a0r\u00f3\u017cnych\u00a0styl\u00f3w\u00a0ta\u0144ca i\u00a0akrobatyki.<br \/>Ju\u017c dzi\u015b zapisz si\u0119 do szko\u0142y ta\u0144ca Rytm-x w Toruniu na Rubinkowie!<\/p><h2>Akrobatyka<\/h2><p>Akrobatyka dla dzieci jest najbardziej og\u00f3lnorozwojow\u0105\u00a0grup\u0105\u00a0dyscyplin sportowych. Podczas zaj\u0119\u0107 rozwijane s\u0105 <strong>zdolno\u015bci motoryczne, w tym si\u0142a, wytrzyma\u0142o\u015b\u0107, gibko\u015b\u0107, skoczno\u015b\u0107, zr\u0119czno\u015b\u0107, co korzystnie wp\u0142ywa na kondycj\u0119 fizyczn\u0105<\/strong>.<\/p><p>U nas nauczysz si\u0119\u00a0efektownych trik\u00f3w akrobatycznych!<\/p><p>Zaj\u0119cia prowadzone s\u0105 z odpowiednio wykwalifikowan\u0105 kadr\u0105, zapewniamy tak\u017ce przyrz\u0105dy akrobatyczne.<\/p><h2>Taniec nowoczesny<\/h2><p>Szko\u0142a ta\u0144ca dla dzieci Rytm-x z Torunia oferuje r\u00f3wnie\u017c taniec nowoczesny. W jego sk\u0142ad wchodz\u0105 wszystkie style poza ta\u0144cem klasycznym.<\/p><p><strong>Zalety ta\u0144ca nowoczesnego:<\/strong><\/p><ul><li>kszta\u0142tuje zdolno\u015bci motoryczne<\/li><li>poprawia sylwetk\u0119, eliminuje wady postawy<\/li><li>wzmacnia poczucie w\u0142asnej warto\u015bci<\/li><li>uczy wsp\u00f3\u0142pracy w zespole<\/li><li>kszta\u0142tuje umiej\u0119tno\u015b\u0107 koncentracji<\/li><li>rozwija zmys\u0142 r\u00f3wnowagi i orientacj\u0119 w przestrzeni<\/li><\/ul><h2>Rytm-x &#8211; profesjonalna nauka ta\u0144ca<\/h2><p>Warto skorzysta\u0107 z naszej oferty, je\u015bli interesuje Ci\u0119\u00a0<a href=\"https:\/\/rytm-x.pl\/index.php\/cheerleading\/\" data-cke-saved-href=\"https:\/\/rytm-x.pl\/index.php\/cheerleading\/\">cheerleading<\/a>,\u00a0<a href=\"https:\/\/rytm-x.pl\/index.php\/akrobatyka\/\" data-cke-saved-href=\"https:\/\/rytm-x.pl\/index.php\/akrobatyka\/\">akrobatyka<\/a>\u00a0lub\u00a0<a href=\"https:\/\/rytm-x.pl\/index.php\/taniec-nowoczesny\/\" data-cke-saved-href=\"https:\/\/rytm-x.pl\/index.php\/taniec-nowoczesny\/\">taniec nowoczesny<\/a>. <strong>Posiadamy du\u017ce do\u015bwiadczenie w pracy z dzie\u0107mi i m\u0142odzie\u017c\u0105. <\/strong>Wyst\u0119powali\u015bmy na mi\u0119dzynarodowych scenach w r\u00f3\u017cnych krajach europejskich oraz w Chinach. Organizujemy pokazy taneczne podczas imprez sportowych, kulturalnych, a tak\u017ce koncert\u00f3w. Bierzemy\u00a0udzia\u0142 w og\u00f3lnopolskich turniejach tanecznych i wyje\u017cd\u017camy na zagraniczne obozy sportowo-wypoczynkowe. Mamy za sob\u0105 wiele wyst\u0119p\u00f3w z gwiazdami na scenie oraz w teledyskach.<\/p><p><strong>Zaj\u0119cia taneczne dla dzieci w Rytm-x to doskona\u0142y wyb\u00f3r!\u00a0<\/strong>Je\u015bli masz pytania dotycz\u0105ce oferty, zach\u0119camy do kontaktu mailowego lub telefonicznego. Z ch\u0119ci\u0105 wyja\u015bnimy wszystkie szczeg\u00f3\u0142y.<\/p><p>Nauka ta\u0144ca w naszej szkole to niesamowita przygoda, podczas kt\u00f3rej zdob\u0119dziesz wiele nowych umiej\u0119tno\u015bci i zawrzesz nowe znajomo\u015bci. Gwarantujemy \u015bwietn\u0105 atmosfer\u0119 i profesjonalnie podej\u015bcie naszej kadry.<\/p>\t\t\t\t\t\t\t\t<\/div>\n\t\t\t\t<\/div>\n\t\t\t\t\t<\/div>\n\t\t<\/div>\n\t\t\t\t\t<\/div>\n\t\t<\/section>\n\t\t\t\t<\/div>\n\t\t","protected":false},"excerpt":{"rendered":"<p>Cheerleading sportowy w Toruniu dla dzieci i m\u0142odzie\u017cy! Je\u017celi lubisz taniec, akrobatyk\u0119 oraz wyst\u0119py to znajdziesz to w Cheerlaeders Rytm-x w Toruniu. Zesp\u00f3\u0142 powsta\u0142 w 1979 roku i nieprzerwanie istnieje, trenuje i si\u0119 rozwija. Po wielu sukcesach o randze og\u00f3lnopolskiej w stylach takich jak taniec nowoczesny, disco dance, show dance zesp\u00f3\u0142 postanowi\u0142 i\u015b\u0107 naprz\u00f3d, a <a class=\"more-link\" href=\"https:\/\/rytm-x.pl\/\">Continue reading <i class=\"fa fa-chevron-right\"><\/i><\/a><\/p>\n","protected":false},"author":3,"featured_media":0,"parent":0,"menu_order":0,"comment_status":"closed","ping_status":"closed","template":"","meta":{"footnotes":""},"class_list":["post-2364","page","type-page","status-publish","hentry"],"aioseo_notices":[],"_links":{"self":[{"href":"https:\/\/rytm-x.pl\/index.php\/wp-json\/wp\/v2\/pages\/2364","targetHints":{"allow":["GET"]}}],"collection":[{"href":"https:\/\/rytm-x.pl\/index.php\/wp-json\/wp\/v2\/pages"}],"about":[{"href":"https:\/\/rytm-x.pl\/index.php\/wp-json\/wp\/v2\/types\/page"}],"author":[{"embeddable":true,"href":"https:\/\/rytm-x.pl\/index.php\/wp-json\/wp\/v2\/users\/3"}],"replies":[{"embeddable":true,"href":"https:\/\/rytm-x.pl\/index.php\/wp-json\/wp\/v2\/comments?post=2364"}],"version-history":[{"count":16,"href":"https:\/\/rytm-x.pl\/index.php\/wp-json\/wp\/v2\/pages\/2364\/revisions"}],"predecessor-version":[{"id":2459,"href":"https:\/\/rytm-x.pl\/index.php\/wp-json\/wp\/v2\/pages\/2364\/revisions\/2459"}],"wp:attachment":[{"href":"https:\/\/rytm-x.pl\/index.php\/wp-json\/wp\/v2\/media?parent=2364"}],"curies":[{"name":"wp","href":"https:\/\/api.w.org\/{rel}","templated":true}]}}